{"id":12,"date":"2021-03-23T08:29:41","date_gmt":"2021-03-23T07:29:41","guid":{"rendered":"http:\/\/zapiecek.czaplinek.pl\/?page_id=12"},"modified":"2021-11-29T19:48:41","modified_gmt":"2021-11-29T18:48:41","slug":"kontakt","status":"publish","type":"page","link":"http:\/\/zapiecek.czaplinek.pl\/index.php\/kontakt\/","title":{"rendered":"Kontakt i dojazd"},"content":{"rendered":"\n<p><\/p>\n\n\n\n<p class=\"has-medium-font-size\"><strong>Adres: <\/strong><br>78-550 Czaplinek, \u017belis\u0142awie<\/p>\n\n\n\n<p class=\"has-medium-font-size\"><strong>Telefon:<br><\/strong>+48 605 578 600<\/p>\n\n\n\n<hr class=\"wp-block-separator\"\/>\n\n\n\n<p class=\"has-medium-font-size\"><strong>Dojazd, kliknij na obrazek aby otworzy\u0107 mapk\u0119.<\/strong><\/p>\n\n\n\n<figure class=\"wp-block-image size-large\"><a href=\"https:\/\/www.google.com\/maps\/place\/%C5%BBelis%C5%82awie\/@53.5491686,16.1223769,12.25z\/data=!4m5!3m4!1s0x47010dd382f4f2f7:0x70e7e9d330ec2ec6!8m2!3d53.5522163!4d16.1694351\"><img loading=\"lazy\" decoding=\"async\" width=\"1024\" height=\"667\" src=\"http:\/\/zapiecek.czaplinek.pl\/wp-content\/uploads\/2021\/03\/zelislawie_mapka-1-1024x667.jpg\" alt=\"\" class=\"wp-image-86\" srcset=\"http:\/\/zapiecek.czaplinek.pl\/wp-content\/uploads\/2021\/03\/zelislawie_mapka-1-1024x667.jpg 1024w, http:\/\/zapiecek.czaplinek.pl\/wp-content\/uploads\/2021\/03\/zelislawie_mapka-1-300x195.jpg 300w, http:\/\/zapiecek.czaplinek.pl\/wp-content\/uploads\/2021\/03\/zelislawie_mapka-1-768x500.jpg 768w, http:\/\/zapiecek.czaplinek.pl\/wp-content\/uploads\/2021\/03\/zelislawie_mapka-1-850x554.jpg 850w, http:\/\/zapiecek.czaplinek.pl\/wp-content\/uploads\/2021\/03\/zelislawie_mapka-1.jpg 1111w\" sizes=\"auto, (max-width: 1024px) 100vw, 1024px\" \/><\/a><\/figure>\n","protected":false},"excerpt":{"rendered":"<p>Adres: 78-550 Czaplinek, \u017belis\u0142awie Telefon:+48 605 578 600 Dojazd, kliknij na obrazek aby otworzy\u0107 mapk\u0119.<\/p>\n","protected":false},"author":1,"featured_media":0,"parent":0,"menu_order":0,"comment_status":"closed","ping_status":"closed","template":"","meta":{"ngg_post_thumbnail":0,"footnotes":""},"class_list":["post-12","page","type-page","status-publish","hentry"],"_links":{"self":[{"href":"http:\/\/zapiecek.czaplinek.pl\/index.php\/wp-json\/wp\/v2\/pages\/12","targetHints":{"allow":["GET"]}}],"collection":[{"href":"http:\/\/zapiecek.czaplinek.pl\/index.php\/wp-json\/wp\/v2\/pages"}],"about":[{"href":"http:\/\/zapiecek.czaplinek.pl\/index.php\/wp-json\/wp\/v2\/types\/page"}],"author":[{"embeddable":true,"href":"http:\/\/zapiecek.czaplinek.pl\/index.php\/wp-json\/wp\/v2\/users\/1"}],"replies":[{"embeddable":true,"href":"http:\/\/zapiecek.czaplinek.pl\/index.php\/wp-json\/wp\/v2\/comments?post=12"}],"version-history":[{"count":18,"href":"http:\/\/zapiecek.czaplinek.pl\/index.php\/wp-json\/wp\/v2\/pages\/12\/revisions"}],"predecessor-version":[{"id":410,"href":"http:\/\/zapiecek.czaplinek.pl\/index.php\/wp-json\/wp\/v2\/pages\/12\/revisions\/410"}],"wp:attachment":[{"href":"http:\/\/zapiecek.czaplinek.pl\/index.php\/wp-json\/wp\/v2\/media?parent=12"}],"curies":[{"name":"wp","href":"https:\/\/api.w.org\/{rel}","templated":true}]}}